{"id":30,"date":"2020-04-13T11:18:54","date_gmt":"2020-04-13T11:18:54","guid":{"rendered":"https:\/\/cicda-fi-205423.hostingersite.com\/home\/"},"modified":"2022-10-17T14:03:21","modified_gmt":"2022-10-17T11:03:21","slug":"home","status":"publish","type":"page","link":"https:\/\/cicda.fi\/en\/","title":{"rendered":"Home"},"content":{"rendered":"<div data-elementor-type=\"wp-page\" data-elementor-id=\"30\" class=\"elementor elementor-30\" data-elementor-post-type=\"page\">\n\t\t\t\t<div class=\"elementor-element elementor-element-d96e140 e-con-full e-flex e-con e-parent\" data-id=\"d96e140\" data-element_type=\"container\" data-settings=\"{&quot;background_background&quot;:&quot;classic&quot;}\">\n\t\t\t\t<div class=\"elementor-element elementor-element-152c7a0 elementor-absolute elementor-widget elementor-widget-image\" data-id=\"152c7a0\" data-element_type=\"widget\" data-settings=\"{&quot;_position&quot;:&quot;absolute&quot;}\" data-widget_type=\"image.default\">\n\t\t\t\t<div class=\"elementor-widget-container\">\n\t\t\t\t\t\t\t\t\t\t\t\t\t\t\t<img fetchpriority=\"high\" decoding=\"async\" width=\"2560\" height=\"1440\" src=\"https:\/\/cicda.fi\/wp-content\/uploads\/2022\/10\/desk.jpg\" class=\"attachment-full size-full wp-image-1026\" alt=\"\" srcset=\"https:\/\/cicda.fi\/wp-content\/uploads\/2022\/10\/desk.jpg 2560w, https:\/\/cicda.fi\/wp-content\/uploads\/2022\/10\/desk-300x169.jpg 300w, https:\/\/cicda.fi\/wp-content\/uploads\/2022\/10\/desk-1024x576.jpg 1024w, https:\/\/cicda.fi\/wp-content\/uploads\/2022\/10\/desk-768x432.jpg 768w, https:\/\/cicda.fi\/wp-content\/uploads\/2022\/10\/desk-1536x864.jpg 1536w, https:\/\/cicda.fi\/wp-content\/uploads\/2022\/10\/desk-2048x1152.jpg 2048w\" sizes=\"(max-width: 2560px) 100vw, 2560px\" \/>\t\t\t\t\t\t\t\t\t\t\t\t\t\t\t<\/div>\n\t\t\t\t<\/div>\n\t\t<div class=\"elementor-element elementor-element-ad69acb e-con-full e-flex e-con e-parent\" data-id=\"ad69acb\" data-element_type=\"container\" data-settings=\"{&quot;background_background&quot;:&quot;gradient&quot;}\">\n\t\t\t\t<\/div>\n\t\t\t\t<div class=\"elementor-element elementor-element-be7d93b elementor-absolute elementor-widget elementor-widget-image\" data-id=\"be7d93b\" data-element_type=\"widget\" data-settings=\"{&quot;_position&quot;:&quot;absolute&quot;}\" data-widget_type=\"image.default\">\n\t\t\t\t<div class=\"elementor-widget-container\">\n\t\t\t\t\t\t\t\t\t\t\t\t\t\t\t<img decoding=\"async\" width=\"2560\" height=\"1440\" src=\"https:\/\/cicda.fi\/wp-content\/uploads\/2022\/10\/cicda-blue-70.png\" class=\"attachment-full size-full wp-image-1031\" alt=\"\" srcset=\"https:\/\/cicda.fi\/wp-content\/uploads\/2022\/10\/cicda-blue-70.png 2560w, https:\/\/cicda.fi\/wp-content\/uploads\/2022\/10\/cicda-blue-70-300x169.png 300w, https:\/\/cicda.fi\/wp-content\/uploads\/2022\/10\/cicda-blue-70-1024x576.png 1024w, https:\/\/cicda.fi\/wp-content\/uploads\/2022\/10\/cicda-blue-70-768x432.png 768w, https:\/\/cicda.fi\/wp-content\/uploads\/2022\/10\/cicda-blue-70-1536x864.png 1536w, https:\/\/cicda.fi\/wp-content\/uploads\/2022\/10\/cicda-blue-70-2048x1152.png 2048w\" sizes=\"(max-width: 2560px) 100vw, 2560px\" \/>\t\t\t\t\t\t\t\t\t\t\t\t\t\t\t<\/div>\n\t\t\t\t<\/div>\n\t\t\t\t<\/div>\n\t\t<div class=\"elementor-element elementor-element-edfa326 e-flex e-con-boxed e-con e-parent\" data-id=\"edfa326\" data-element_type=\"container\" data-settings=\"{&quot;background_background&quot;:&quot;classic&quot;}\">\n\t\t\t\t\t<div class=\"e-con-inner\">\n\t\t\t\t<div class=\"elementor-element elementor-element-9341157 elementor-widget elementor-widget-heading\" data-id=\"9341157\" data-element_type=\"widget\" data-widget_type=\"heading.default\">\n\t\t\t\t<div class=\"elementor-widget-container\">\n\t\t\t\t\t<h2 class=\"elementor-heading-title elementor-size-default\">Luodaan yhdess\u00e4 parhaimmat DevOps &amp; Laadunvarmistus k\u00e4yt\u00e4nn\u00f6t sinun tarpeisiin<\/h2>\t\t\t\t<\/div>\n\t\t\t\t<\/div>\n\t\t\t\t\t<\/div>\n\t\t\t\t<\/div>\n\t\t<div class=\"elementor-element elementor-element-cba1146 e-flex e-con-boxed e-con e-parent\" data-id=\"cba1146\" data-element_type=\"container\">\n\t\t\t\t\t<div class=\"e-con-inner\">\n\t\t\t\t<div class=\"elementor-element elementor-element-b447ead elementor-widget elementor-widget-shortcode\" data-id=\"b447ead\" data-element_type=\"widget\" data-widget_type=\"shortcode.default\">\n\t\t\t\t<div class=\"elementor-widget-container\">\n\t\t\t\t\t\t\t<div class=\"elementor-shortcode\">\n\t   \n\t\t<div id=\"gm-dt2qgFWc\" \n\t\t\tdata-grid-style=\"default\"\n\t\t\tclass=\"am_ajax_post_grid_wrap gm-dt2qgFWc gridmaster-default\"\n\t\t\tdata-pagination_type=\"\" \n\t\t\tdata-am_ajax_post_grid='{&quot;post_type&quot;:&quot;post&quot;,&quot;posts_per_page&quot;:&quot;6&quot;,&quot;orderby&quot;:&quot;menu_order date&quot;,&quot;order&quot;:&quot;DESC&quot;,&quot;title_length&quot;:50,&quot;content_from&quot;:&quot;excerpt&quot;,&quot;excerpt_type&quot;:&quot;words&quot;,&quot;excerpt_length&quot;:15,&quot;show_read_more&quot;:&quot;yes&quot;,&quot;read_more_text&quot;:&quot;&quot;,&quot;show_filter&quot;:&quot;yes&quot;,&quot;btn_all&quot;:&quot;yes&quot;,&quot;cat&quot;:&quot;&quot;,&quot;paginate&quot;:&quot;yes&quot;,&quot;hide_empty&quot;:0,&quot;pagination_type&quot;:&quot;&quot;,&quot;infinite_scroll&quot;:&quot;&quot;,&quot;animation&quot;:&quot;&quot;,&quot;grid_style&quot;:&quot;default&quot;,&quot;grid_id&quot;:&quot;gm-dt2qgFWc&quot;,&quot;taxonomy&quot;:&quot;category&quot;,&quot;terms&quot;:&quot;&quot;,&quot;grid_image_size&quot;:&quot;full&quot;,&quot;filter_heading&quot;:&quot;&quot;,&quot;toggle_filter_items&quot;:&quot;&quot;,&quot;id&quot;:0}'>\n\n\t\t\t\t\t\t<div class=\"asr-filter-div\">\n\t\t\t\t<!-- Single Filter -->\n\t\t\t\t\t\t\t\t<div class=\"gm-filter-wrap gm-filter-toggle-\">\n\t\t\t\t\t\n\t\t\t\t\t<div class=\"gm-single-filter\">\n\t\t\t\t\t\t\t\t\t\t\t\t\t\n\t<div class=\"gm-taxonomy-filter  gm-tax-filter-style-default gm-filter-grid-id-gm-dt2qgFWc\">\n        \t\t<div class=\"gm-taxonomy-item gm-taxonomy-all\">\n\t\t\t<input type=\"radio\" name=\"tax_input[category][]\" id=\"gm-dt2qgFWc-category_all\" value=\"-1\" \/>\n\t\t\t<label class=\"asr_texonomy\" for=\"gm-dt2qgFWc-category_all\">All<\/label>\n\t\t<\/div>\n\t\t\t\t\t\t\t<div class=\"gm-taxonomy-item\">\n\t\t\t\t<input type=\"radio\" name=\"tax_input[category][]\" id=\"gm-dt2qgFWc-category_7\" value=\"7\" \/>\n\t\t\t\t<label class=\"asr_texonomy\" for=\"gm-dt2qgFWc-category_7\">Koulutukset<\/label>\n\t\t\t<\/div>\n\t\t\t\t\t<div class=\"gm-taxonomy-item\">\n\t\t\t\t<input type=\"radio\" name=\"tax_input[category][]\" id=\"gm-dt2qgFWc-category_6\" value=\"6\" \/>\n\t\t\t\t<label class=\"asr_texonomy\" for=\"gm-dt2qgFWc-category_6\">Services<\/label>\n\t\t\t<\/div>\n\t\t\t\t\t<div class=\"gm-taxonomy-item\">\n\t\t\t\t<input type=\"radio\" name=\"tax_input[category][]\" id=\"gm-dt2qgFWc-category_9\" value=\"9\" \/>\n\t\t\t\t<label class=\"asr_texonomy\" for=\"gm-dt2qgFWc-category_9\">Sosiaalinen Media<\/label>\n\t\t\t<\/div>\n\t\t\t\t\t<div class=\"gm-taxonomy-item\">\n\t\t\t\t<input type=\"radio\" name=\"tax_input[category][]\" id=\"gm-dt2qgFWc-category_24\" value=\"24\" \/>\n\t\t\t\t<label class=\"asr_texonomy\" for=\"gm-dt2qgFWc-category_24\">Uncategorized<\/label>\n\t\t\t<\/div>\n\t\t\t\t\t<div class=\"gm-taxonomy-item\">\n\t\t\t\t<input type=\"radio\" name=\"tax_input[category][]\" id=\"gm-dt2qgFWc-category_1\" value=\"1\" \/>\n\t\t\t\t<label class=\"asr_texonomy\" for=\"gm-dt2qgFWc-category_1\">Uncategorized<\/label>\n\t\t\t<\/div>\n\t\t\t\t\t<div class=\"gm-taxonomy-item\">\n\t\t\t\t<input type=\"radio\" name=\"tax_input[category][]\" id=\"gm-dt2qgFWc-category_8\" value=\"8\" \/>\n\t\t\t\t<label class=\"asr_texonomy\" for=\"gm-dt2qgFWc-category_8\">News<\/label>\n\t\t\t<\/div>\n\t\t\t<\/div>\n\t\t\t\t\t<\/div>\n\t\t\t\t<\/div>\n\t\t\t\t<!-- End Single Filter -->\n\t\t\t<\/div>\n\t\t\t\t\t\t\t<div class=\"asr-ajax-container\">\n\t\t\t\t<div class=\"asr-loader\">\n\t\t\t\t\t<div class=\"lds-dual-ring\"><\/div>\n\t\t\t\t<\/div>\n\t\t\t\t<div class=\"asrafp-filter-result\">\n\t\t\t\t\t\n\t\t\t<div class=\"am_post_grid am__col-3 am_layout_1\">\n\t\t\t\n\t\t\t\n\t\t\t\t<div class=\"am_grid_col\">\n\t<div class=\"am_single_grid\">\n\t\t<div class=\"am_thumb\">\n\t\t\t<img decoding=\"async\" width=\"1920\" height=\"1479\" src=\"https:\/\/cicda.fi\/wp-content\/uploads\/2023\/06\/IMG_0835.jpg\" class=\"attachment-full size-full wp-post-image\" alt=\"\" srcset=\"https:\/\/cicda.fi\/wp-content\/uploads\/2023\/06\/IMG_0835.jpg 1920w, https:\/\/cicda.fi\/wp-content\/uploads\/2023\/06\/IMG_0835-300x231.jpg 300w, https:\/\/cicda.fi\/wp-content\/uploads\/2023\/06\/IMG_0835-1024x789.jpg 1024w, https:\/\/cicda.fi\/wp-content\/uploads\/2023\/06\/IMG_0835-768x592.jpg 768w, https:\/\/cicda.fi\/wp-content\/uploads\/2023\/06\/IMG_0835-1536x1183.jpg 1536w, https:\/\/cicda.fi\/wp-content\/uploads\/2023\/06\/IMG_0835-16x12.jpg 16w\" sizes=\"(max-width: 1920px) 100vw, 1920px\" \/>\t\t<\/div>\n\t\t<div class=\"am_cont\">\n            <h4 class=\"am__title\"><a href=\"https:\/\/cicda.fi\/en\/kesatyoni-cicdalla\/\">My summer job at Cicda<\/a><\/h4>            <div class=\"am__excerpt\">Can a joke turn into a real summer job?<\/div>            <div class=\"gm_read_more\"><a href=\"https:\/\/cicda.fi\/en\/kesatyoni-cicdalla\/\" class=\"am__readmore am__read_more_link\">Read More<\/a><\/div>\t\t<\/div>\n\t<\/div>\n<\/div>\n\n\t\t\t\n\t\t\t\t<div class=\"am_grid_col\">\n\t<div class=\"am_single_grid\">\n\t\t<div class=\"am_thumb\">\n\t\t\t<img loading=\"lazy\" decoding=\"async\" width=\"1140\" height=\"356\" src=\"https:\/\/cicda.fi\/wp-content\/uploads\/2022\/10\/Cicda-text-color-1140.png\" class=\"attachment-full size-full wp-post-image\" alt=\"\" srcset=\"https:\/\/cicda.fi\/wp-content\/uploads\/2022\/10\/Cicda-text-color-1140.png 1140w, https:\/\/cicda.fi\/wp-content\/uploads\/2022\/10\/Cicda-text-color-1140-300x94.png 300w, https:\/\/cicda.fi\/wp-content\/uploads\/2022\/10\/Cicda-text-color-1140-1024x320.png 1024w, https:\/\/cicda.fi\/wp-content\/uploads\/2022\/10\/Cicda-text-color-1140-768x240.png 768w\" sizes=\"(max-width: 1140px) 100vw, 1140px\" \/>\t\t<\/div>\n\t\t<div class=\"am_cont\">\n            <h4 class=\"am__title\"><a href=\"https:\/\/cicda.fi\/en\/mita-ci-cd-a-edustaa\/\">What Cicda represent?<\/a><\/h4>            <div class=\"am__excerpt translation-block\">Does the <strong><em>name<\/em><\/strong> of the company tell you more than a quick read would think? The answer is <strong>yes!<\/strong><\/div>            <div class=\"gm_read_more\"><a href=\"https:\/\/cicda.fi\/en\/mita-ci-cd-a-edustaa\/\" class=\"am__readmore am__read_more_link\">Read More<\/a><\/div>\t\t<\/div>\n\t<\/div>\n<\/div>\n\n\t\t\t\t\t\t<\/div>\n\n\t\t\t<div class=\"am_posts_navigation\">\n\t\t\t<div class=\"am_posts_navigation_init\"><\/div>\t\t\t<\/div>\n\n\t\t\t\t\t\t\t<\/div>\n\t\t\t<\/div>\n\t\t<\/div>\n\t\n\t\t<\/div>\n\t\t\t\t\t\t<\/div>\n\t\t\t\t<\/div>\n\t\t\t\t\t<\/div>\n\t\t\t\t<\/div>\n\t\t<div class=\"elementor-element elementor-element-80ad878 e-con-full e-flex e-con e-parent\" data-id=\"80ad878\" data-element_type=\"container\">\n\t\t\t\t<div class=\"elementor-element elementor-element-2be9338 elementor-widget__width-auto elementor-fixed elementor-align-center elementor-widget elementor-widget-lottie\" data-id=\"2be9338\" data-element_type=\"widget\" data-settings=\"{&quot;source_json&quot;:{&quot;url&quot;:&quot;https:\\\/\\\/cicda.fi\\\/wp-content\\\/uploads\\\/2022\\\/10\\\/lf30_editor_tabfuwcx.json&quot;,&quot;id&quot;:863,&quot;size&quot;:&quot;&quot;,&quot;alt&quot;:&quot;&quot;,&quot;source&quot;:&quot;library&quot;},&quot;link_to&quot;:&quot;custom&quot;,&quot;trigger&quot;:&quot;on_hover&quot;,&quot;_position&quot;:&quot;fixed&quot;,&quot;source&quot;:&quot;media_file&quot;,&quot;caption_source&quot;:&quot;none&quot;,&quot;custom_link&quot;:{&quot;url&quot;:&quot;#elementor-action%3Aaction%3Dpopup%3Aopen%26settings%3DeyJpZCI6IjQ3OSIsInRvZ2dsZSI6ZmFsc2V9&quot;,&quot;is_external&quot;:&quot;&quot;,&quot;nofollow&quot;:&quot;&quot;,&quot;custom_attributes&quot;:&quot;&quot;},&quot;on_hover_out&quot;:&quot;default&quot;,&quot;hover_area&quot;:&quot;animation&quot;,&quot;play_speed&quot;:{&quot;unit&quot;:&quot;px&quot;,&quot;size&quot;:1,&quot;sizes&quot;:[]},&quot;start_point&quot;:{&quot;unit&quot;:&quot;%&quot;,&quot;size&quot;:0,&quot;sizes&quot;:[]},&quot;end_point&quot;:{&quot;unit&quot;:&quot;%&quot;,&quot;size&quot;:100,&quot;sizes&quot;:[]},&quot;renderer&quot;:&quot;svg&quot;}\" data-widget_type=\"lottie.default\">\n\t\t\t\t<div class=\"elementor-widget-container\">\n\t\t\t\t\t<a class=\"e-lottie__container__link\" href=\"#elementor-action%3Aaction%3Dpopup%3Aopen%26settings%3DeyJpZCI6IjQ3OSIsInRvZ2dsZSI6ZmFsc2V9\"><div class=\"e-lottie__container\"><div class=\"e-lottie__animation\"><\/div><\/div><\/a>\t\t\t\t<\/div>\n\t\t\t\t<\/div>\n\t\t\t\t<\/div>\n\t\t\t\t<\/div>","protected":false},"excerpt":{"rendered":"<p>Luodaan yhdess\u00e4 parhaimmat DevOps &#038; Laadunvarmistus k\u00e4yt\u00e4nn\u00f6t sinun tarpeisiin<\/p>","protected":false},"author":1,"featured_media":0,"parent":0,"menu_order":0,"comment_status":"closed","ping_status":"closed","template":"","meta":{"site-sidebar-layout":"no-sidebar","site-content-layout":"page-builder","ast-site-content-layout":"","site-content-style":"default","site-sidebar-style":"default","ast-global-header-display":"disabled","ast-banner-title-visibility":"","ast-main-header-display":"","ast-hfb-above-header-display":"","ast-hfb-below-header-display":"","ast-hfb-mobile-header-display":"","site-post-title":"disabled","ast-breadcrumbs-content":"","ast-featured-img":"","footer-sml-layout":"","theme-transparent-header-meta":"enabled","adv-header-id-meta":"","stick-header-meta":"","header-above-stick-meta":"","header-main-stick-meta":"","header-below-stick-meta":"","astra-migrate-meta-layouts":"default","ast-page-background-enabled":"default","ast-page-background-meta":{"desktop":{"background-color":"","background-image":"","background-repeat":"repeat","background-position":"center center","background-size":"auto","background-attachment":"scroll","background-type":"","background-media":"","overlay-type":"","overlay-color":"","overlay-gradient":""},"tablet":{"background-color":"","background-image":"","background-repeat":"repeat","background-position":"center center","background-size":"auto","background-attachment":"scroll","background-type":"","background-media":"","overlay-type":"","overlay-color":"","overlay-gradient":""},"mobile":{"background-color":"","background-image":"","background-repeat":"repeat","background-position":"center center","background-size":"auto","background-attachment":"scroll","background-type":"","background-media":"","overlay-type":"","overlay-color":"","overlay-gradient":""}},"ast-content-background-meta":{"desktop":{"background-color":"var(--ast-global-color-5)","background-image":"","background-repeat":"repeat","background-position":"center center","background-size":"auto","background-attachment":"scroll","background-type":"","background-media":"","overlay-type":"","overlay-color":"","overlay-gradient":""},"tablet":{"background-color":"var(--ast-global-color-5)","background-image":"","background-repeat":"repeat","background-position":"center center","background-size":"auto","background-attachment":"scroll","background-type":"","background-media":"","overlay-type":"","overlay-color":"","overlay-gradient":""},"mobile":{"background-color":"var(--ast-global-color-5)","background-image":"","background-repeat":"repeat","background-position":"center center","background-size":"auto","background-attachment":"scroll","background-type":"","background-media":"","overlay-type":"","overlay-color":"","overlay-gradient":""}},"footnotes":""},"class_list":["post-30","page","type-page","status-publish","hentry"],"_links":{"self":[{"href":"https:\/\/cicda.fi\/en\/wp-json\/wp\/v2\/pages\/30","targetHints":{"allow":["GET"]}}],"collection":[{"href":"https:\/\/cicda.fi\/en\/wp-json\/wp\/v2\/pages"}],"about":[{"href":"https:\/\/cicda.fi\/en\/wp-json\/wp\/v2\/types\/page"}],"author":[{"embeddable":true,"href":"https:\/\/cicda.fi\/en\/wp-json\/wp\/v2\/users\/1"}],"replies":[{"embeddable":true,"href":"https:\/\/cicda.fi\/en\/wp-json\/wp\/v2\/comments?post=30"}],"version-history":[{"count":179,"href":"https:\/\/cicda.fi\/en\/wp-json\/wp\/v2\/pages\/30\/revisions"}],"predecessor-version":[{"id":1034,"href":"https:\/\/cicda.fi\/en\/wp-json\/wp\/v2\/pages\/30\/revisions\/1034"}],"wp:attachment":[{"href":"https:\/\/cicda.fi\/en\/wp-json\/wp\/v2\/media?parent=30"}],"curies":[{"name":"wp","href":"https:\/\/api.w.org\/{rel}","templated":true}]}}